{"id":358,"date":"2018-07-20T10:18:24","date_gmt":"2018-07-20T10:18:24","guid":{"rendered":"http:\/\/drechtsteden.compar.nl\/?page_id=358"},"modified":"2020-01-17T09:41:09","modified_gmt":"2020-01-17T09:41:09","slug":"lidmaatschap-business-kring","status":"publish","type":"page","link":"https:\/\/businessnetwerken.nl\/zeeland\/lid-worden\/lidmaatschap-business-kring\/","title":{"rendered":"Lidmaatschap inclusief business kring"},"content":{"rendered":"<p>&nbsp;<\/p>\n<div class=\"vc_row wpb_row section vc_row-fluid vc_inner vc_custom_1487681627346\">\n<div class=\" full_section_inner clearfix\">\n<div class=\"wpb_column vc_column_container vc_col-sm-12\">\n<div class=\"vc_column-inner \">\n<div class=\"wpb_wrapper\">\n<div class=\"wpb_text_column wpb_content_element \">\n<div class=\"wpb_wrapper\">\n<p><strong>Kijk hieronder welke voordelen een standaard lidmaatschap u kan bieden.<\/strong><br \/>\n<strong>Scrol naar beneden voor het aanmeldformulier.<\/strong><\/p>\n<\/div>\n<\/div>\n<\/div>\n<\/div>\n<\/div>\n<\/div>\n<\/div>\n<div class=\"vc_row wpb_row section vc_row-fluid vc_inner vc_custom_1487681627346\">\n<div class=\" full_section_inner clearfix\">\n<div class=\"wpb_column vc_column_container vc_col-sm-12\">\n<div class=\"vc_column-inner \">\n<div class=\"wpb_wrapper\">\n<div class=\"wpb_text_column wpb_content_element \">\n<div class=\"wpb_wrapper\">\n<p>Business Netwerk Zeeland <span id=\"cPhContent_event_text\">is h\u00e9t zakelijk platform voor\u00a0<\/span><span id=\"cPhContent_event_text\">actiegerichte ondernemers en directeuren\u00a0<\/span><span id=\"cPhContent_event_text\">in de regio Zeeland. Wij streven naar onderlinge samenwerking, het delen van kennis en kunde. Nieuwe contacten worden gelegd en verbindingen gemaakt. Dit biedt <\/span><span class=\"intro-tekst\">uw bedrijf mogelijkheden en natuurlijk de gelegenheid om een groter netwerk te genereren.<\/span><\/p>\n<p>Kortom; samen werken + samen delen = samen succes.<\/p>\n<\/div>\n<\/div>\n<\/div>\n<\/div>\n<\/div>\n<\/div>\n<\/div>\n<div class=\"wpb_text_column wpb_content_element vc_custom_1491909161230\">\n<div class=\"wpb_wrapper\">\n<p>Bekijk hier de\u00a0<a class=\"text-cta\" href=\"http:\/\/www.businessnetwerken.nl\/zeeland\/algemene-voorwaarden\" target=\"_blank\" rel=\"noopener noreferrer\">Algemene voorwaarden<\/a><\/p>\n<\/div>\n<\/div>\n<div class=\"vc_row wpb_row section vc_row-fluid vc_inner vc_custom_1487943268095\">\n<div class=\" full_section_inner clearfix\">\n<div class=\"wpb_column vc_column_container vc_col-sm-12\">\n<div class=\"vc_column-inner \">\n<div class=\"wpb_wrapper\">\n<div class=\"wpb_text_column wpb_content_element \">\n<div class=\"wpb_wrapper\">\n<ol class=\"numbers-ol\">\n<li class=\"numbers-li\">Actief onderdeel zijn en gebruik maken van een breed, regionaal zakelijk netwerk.<\/li>\n<li class=\"numbers-li\">Gratis deelname voor \u00e9\u00e9n persoon per bedrijf aan minimaal negen netwerkbijeenkomsten per jaar, waarbij u interessante contacten met relevante bedrijven en organisaties legt.<\/li>\n<li class=\"numbers-li\">Mogelijkheid tot gratis uitnodigen introduc\u00e9s conform aanmeldingsvoorwaarden t.w.v. \u20ac 35,- na akkoord directie BNZ.<\/li>\n<li class=\"numbers-li\">Gratis deelname (\u00e9\u00e9n persoon) aan \u00e9\u00e9n \u2018Dineren met Directeuren\u2019 per jaar t.w.v. \u20ac 75,-.<\/li>\n<li class=\"numbers-li\">Jaarlijks 1-op-1 sparringgesprek met directie Business Netwerk Zeeland.<\/li>\n<li class=\"numbers-li\">Extra entree- en ledenvoordeel bij overige en speciale bijeenkomsten (waaronder Golf Open).<\/li>\n<li class=\"numbers-li\">Ontvangst van periodieke, digitale nieuwsbrief die verstuurd wordt naar diverse bedrijven in de regio Zeeland.<\/li>\n<li class=\"numbers-li\">Deelname aan een Business Kring (vraag naar de voorwaarden inzake de branche-exclusiviteit).<\/li>\n<li class=\"numbers-li\">Vermelding op online ledenlijst inclusief logo en doorlink op website van Business Netwerk Zeeland.<\/li>\n<li class=\"numbers-li\">Twee keer per jaar redactioneel artikel met foto in Business Netwerk Zeeland nieuwsbrief\u00a0 ter waarde van \u20ac 325,00 euro per artikel.<\/li>\n<li class=\"numbers-li\">Plaatsen van maximaal vier relevante nieuwsberichten per jaar op de homepagina van de Business Netwerk Zeeland website.<\/li>\n<\/ol>\n<\/div>\n<\/div>\n<\/div>\n<\/div>\n<\/div>\n<\/div>\n<\/div>\n","protected":false},"excerpt":{"rendered":"&nbsp; Kijk hieronder welke voordelen een standaard lidmaatschap u kan bieden. Scrol naar beneden voor het aanmeldformulier. Business Netwerk Zeeland is h\u00e9t zakelijk platform voor\u00a0actiegerichte ondernemers en directeuren\u00a0in de regio&#8230; <a class=\"view-article\" href=\"https:\/\/businessnetwerken.nl\/zeeland\/lid-worden\/lidmaatschap-business-kring\/\">Bekijk Artikel<\/a>","protected":false},"author":1,"featured_media":0,"parent":84,"menu_order":0,"comment_status":"closed","ping_status":"closed","template":"templates\/word-lid-detail.php","meta":{"_acf_changed":false,"inline_featured_image":false,"footnotes":""},"class_list":["post-358","page","type-page","status-publish","hentry"],"acf":[],"jetpack_sharing_enabled":true,"_links":{"self":[{"href":"https:\/\/businessnetwerken.nl\/zeeland\/wp-json\/wp\/v2\/pages\/358","targetHints":{"allow":["GET"]}}],"collection":[{"href":"https:\/\/businessnetwerken.nl\/zeeland\/wp-json\/wp\/v2\/pages"}],"about":[{"href":"https:\/\/businessnetwerken.nl\/zeeland\/wp-json\/wp\/v2\/types\/page"}],"author":[{"embeddable":true,"href":"https:\/\/businessnetwerken.nl\/zeeland\/wp-json\/wp\/v2\/users\/1"}],"replies":[{"embeddable":true,"href":"https:\/\/businessnetwerken.nl\/zeeland\/wp-json\/wp\/v2\/comments?post=358"}],"version-history":[{"count":2,"href":"https:\/\/businessnetwerken.nl\/zeeland\/wp-json\/wp\/v2\/pages\/358\/revisions"}],"predecessor-version":[{"id":10722,"href":"https:\/\/businessnetwerken.nl\/zeeland\/wp-json\/wp\/v2\/pages\/358\/revisions\/10722"}],"up":[{"embeddable":true,"href":"https:\/\/businessnetwerken.nl\/zeeland\/wp-json\/wp\/v2\/pages\/84"}],"wp:attachment":[{"href":"https:\/\/businessnetwerken.nl\/zeeland\/wp-json\/wp\/v2\/media?parent=358"}],"curies":[{"name":"wp","href":"https:\/\/api.w.org\/{rel}","templated":true}]}}