{"id":360,"date":"2018-07-20T10:19:31","date_gmt":"2018-07-20T10:19:31","guid":{"rendered":"http:\/\/drechtsteden.compar.nl\/?page_id=360"},"modified":"2025-01-16T20:51:48","modified_gmt":"2025-01-16T20:51:48","slug":"premium-lidmaatschap","status":"publish","type":"page","link":"https:\/\/businessnetwerken.nl\/rijnland\/lid-worden\/premium-lidmaatschap\/","title":{"rendered":"Premium lidmaatschap"},"content":{"rendered":"<div class=\"vc_row wpb_row section vc_row-fluid vc_inner vc_custom_1487681627346\">\n<div class=\" full_section_inner clearfix\">\n<div class=\"wpb_column vc_column_container vc_col-sm-12\">\n<div class=\"vc_column-inner \">\n<div class=\"wpb_wrapper\">\n<div class=\"wpb_text_column wpb_content_element \">\n<div class=\"wpb_wrapper\">\n<p>Kijk hieronder welke voordelen een premium lidmaatschap u kan bieden.<br \/>\nScrol naar beneden voor het aanmeld formulier.<\/p>\n<\/div>\n<\/div>\n<\/div>\n<\/div>\n<\/div>\n<\/div>\n<\/div>\n<div class=\"vc_row wpb_row section vc_row-fluid vc_inner vc_custom_1488192328986\">\n<div class=\" full_section_inner clearfix\">\n<div class=\"wpb_column vc_column_container vc_col-sm-12\">\n<div class=\"vc_column-inner \">\n<div class=\"wpb_wrapper\">\n<div class=\"wpb_text_column wpb_content_element \">\n<div class=\"wpb_wrapper\"><\/div>\n<\/div>\n<\/div>\n<\/div>\n<\/div>\n<\/div>\n<\/div>\n<div class=\"wpb_text_column wpb_content_element vc_custom_1488192168191\">\n<div class=\"wpb_wrapper\">\n<p>Bekijk hier de\u00a0<a class=\"text-cta\" href=\"https:\/\/businessnetwerken.nl\/haaglanden\/algemene-voorwaarden\">Algemene voorwaarden<\/a><\/p>\n<\/div>\n<\/div>\n<div class=\"vc_row wpb_row section vc_row-fluid vc_inner vc_custom_1487943268095\">\n<div class=\" full_section_inner clearfix\">\n<div class=\"wpb_column vc_column_container vc_col-sm-12\">\n<div class=\"vc_column-inner \">\n<div class=\"wpb_wrapper\">\n<div class=\"wpb_text_column wpb_content_element \">\n<div class=\"wpb_wrapper\">\n<ol class=\"numbers-ol\">\n<li class=\"numbers-li\">Actief onderdeel zijn en gebruik maken van een breed, regionaal zakelijk netwerk.<\/li>\n<li class=\"numbers-li\">Gratis deelname voor twee personen per bedrijf aan negen netwerkbijeenkomsten per jaar, waarbij u interessante contacten met relevante bedrijven en organisaties legt.<\/li>\n<li class=\"numbers-li\">Mogelijkheid tot gratis uitnodigen introduc\u00e9s conform aanmeldingsvoorwaarden t.w.v. \u20ac 35,-.<\/li>\n<li class=\"numbers-li\">Gratis deelname (\u00e9\u00e9n persoon) aan \u00e9\u00e9n \u2018Dineren met Directeuren\u2019 per jaar t.w.v. \u20ac 75,-.<\/li>\n<li class=\"numbers-li\">Jaarlijks 1-op-1 sparringgesprek met directie Business Netwerk Rijnland.<\/li>\n<li class=\"numbers-li\">Jaarlijks minimaal \u00e9\u00e9n warme lead per bedrijf per jaar.<\/li>\n<li class=\"numbers-li\">Extra entree- en ledenvoordeel bij overige en speciale bijeenkomsten (waaronder Golf Open, Dineren met directeuren, Koken met Directeuren).<\/li>\n<li class=\"numbers-li\">Ontvangst van periodieke, digitale nieuwsbrief die verstuurd wordt naar &gt;8.000 bedrijven in de regio Rijnland. Basiskorting bij additionele bijeenkomsten.<\/li>\n<li class=\"numbers-li\">Mogelijkheid tot deelname aan een Business Kring (vraag naar de voorwaarden).<\/li>\n<li class=\"numbers-li\">Vermelding op online (Business Kring) ledenlijst inclusief logo en doorlink op website van www.businessnetwerkrijnland.nl.<\/li>\n<li class=\"numbers-li\">E\u00e9n keer per jaar redactioneel artikel met foto in Business Netwerk Rijnland nieuwsbrief (&gt;8.000 bedrijven) ter waarde van \u20ac 325,00 euro per artikel.<\/li>\n<li class=\"numbers-li\">Plaatsen van maximaal twee relevante nieuwsberichten per jaar op de homepagina van de Business Netwerk Rijnland website.<\/li>\n<li class=\"numbers-li\">Mogelijkheid tot gastheerschap bijeenkomsten.<\/li>\n<li class=\"numbers-li\">Toegang en mogelijkheid tot golf bij golfbaan The Dutch (Spijk) tegen gereduceerd tarief.<\/li>\n<\/ol>\n<\/div>\n<\/div>\n<\/div>\n<\/div>\n<\/div>\n<\/div>\n<\/div>\n","protected":false},"excerpt":{"rendered":"Kijk hieronder welke voordelen een premium lidmaatschap u kan bieden. Scrol naar beneden voor het aanmeld formulier. Bekijk hier de\u00a0Algemene voorwaarden Actief onderdeel zijn en gebruik maken van een breed,&#8230; <a class=\"view-article\" href=\"https:\/\/businessnetwerken.nl\/rijnland\/lid-worden\/premium-lidmaatschap\/\">Bekijk Artikel<\/a>","protected":false},"author":1,"featured_media":0,"parent":84,"menu_order":0,"comment_status":"closed","ping_status":"closed","template":"templates\/word-lid-detail.php","meta":{"_acf_changed":false,"inline_featured_image":false,"footnotes":""},"class_list":["post-360","page","type-page","status-publish","hentry"],"acf":[],"jetpack_sharing_enabled":true,"_links":{"self":[{"href":"https:\/\/businessnetwerken.nl\/rijnland\/wp-json\/wp\/v2\/pages\/360","targetHints":{"allow":["GET"]}}],"collection":[{"href":"https:\/\/businessnetwerken.nl\/rijnland\/wp-json\/wp\/v2\/pages"}],"about":[{"href":"https:\/\/businessnetwerken.nl\/rijnland\/wp-json\/wp\/v2\/types\/page"}],"author":[{"embeddable":true,"href":"https:\/\/businessnetwerken.nl\/rijnland\/wp-json\/wp\/v2\/users\/1"}],"replies":[{"embeddable":true,"href":"https:\/\/businessnetwerken.nl\/rijnland\/wp-json\/wp\/v2\/comments?post=360"}],"version-history":[{"count":2,"href":"https:\/\/businessnetwerken.nl\/rijnland\/wp-json\/wp\/v2\/pages\/360\/revisions"}],"predecessor-version":[{"id":2662,"href":"https:\/\/businessnetwerken.nl\/rijnland\/wp-json\/wp\/v2\/pages\/360\/revisions\/2662"}],"up":[{"embeddable":true,"href":"https:\/\/businessnetwerken.nl\/rijnland\/wp-json\/wp\/v2\/pages\/84"}],"wp:attachment":[{"href":"https:\/\/businessnetwerken.nl\/rijnland\/wp-json\/wp\/v2\/media?parent=360"}],"curies":[{"name":"wp","href":"https:\/\/api.w.org\/{rel}","templated":true}]}}