{"id":362,"date":"2018-07-20T10:20:23","date_gmt":"2018-07-20T10:20:23","guid":{"rendered":"https:\/\/businessnetwerken.nl\/drechtsteden\/?page_id=362"},"modified":"2020-01-17T09:55:45","modified_gmt":"2020-01-17T09:55:45","slug":"partnerschap","status":"publish","type":"page","link":"https:\/\/businessnetwerken.nl\/drechtsteden\/lid-worden\/partnerschap\/","title":{"rendered":"Partnerschap"},"content":{"rendered":"<div class=\"vc_row wpb_row section vc_row-fluid vc_inner vc_custom_1488192328986\">\n<div class=\" full_section_inner clearfix\">\n<div class=\"wpb_column vc_column_container vc_col-sm-12\">\n<div class=\"vc_column-inner \">\n<div class=\"wpb_wrapper\">\n<div class=\"wpb_text_column wpb_content_element \">\n<div class=\"wpb_wrapper\">\n<h2>WAT HOUDT HET\u00a0PARTNERSCHAP<strong>\u00a0<\/strong>IN?<\/h2>\n<p><span class=\"intro-tekst\">Kijk hieronder welke voordelen een partnerschap u kan bieden.<br \/>\n<\/span><\/p>\n<\/div>\n<\/div>\n<\/div>\n<\/div>\n<\/div>\n<\/div>\n<\/div>\n<div class=\"wpb_text_column wpb_content_element vc_custom_1488192168191\">\n<div class=\"wpb_wrapper\">\n<p>Bekijk hier de\u00a0<a class=\"text-cta\" href=\"https:\/\/www.businessnetwerken.nl\/drechtsteden\/algemene-voorwaarden\">Algemene voorwaarden<\/a><\/p>\n<\/div>\n<\/div>\n<div class=\"vc_row wpb_row section vc_row-fluid vc_inner vc_custom_1487943268095\">\n<div class=\" full_section_inner clearfix\">\n<div class=\"wpb_column vc_column_container vc_col-sm-12\">\n<div class=\"vc_column-inner \">\n<div class=\"wpb_wrapper\">\n<div class=\"wpb_text_column wpb_content_element \">\n<div class=\"wpb_wrapper\">\n<ol>\n<li>Actief onderdeel zijn en gebruik maken van een breed, regionaal zakelijk netwerk.<\/li>\n<li>Gratis deelname voor twee personen per bedrijf aan negen netwerkbijeenkomsten per jaar, waarbij u interessante contacten met relevante bedrijven en organisaties legt.<\/li>\n<li>Mogelijkheid tot gratis uitnodigen introduc\u00e9s conform aanmeldingsvoorwaarden t.w.v. \u20ac 35,-.<\/li>\n<li>Gratis deelname (\u00e9\u00e9n persoon) aan \u00e9\u00e9n \u2018Dineren met Directeuren\u2019 per jaar t.w.v. \u20ac 75,-.<\/li>\n<li>Jaarlijks 1-op-1 sparringgesprek met directie Business Netwerk Drechtsteden.<\/li>\n<li>Jaarlijks minimaal \u00e9\u00e9n warme lead per bedrijf per jaar.<\/li>\n<li>Extra entree- en ledenvoordeel bij overige en speciale bijeenkomsten (waaronder Golf Open, Dineren met directeuren, Koken met Directeuren).<\/li>\n<li>Ontvangst van periodieke, digitale nieuwsbrief die verstuurd wordt naar &gt;8.000 bedrijven in de regio Drechtsteden. Basiskorting bij additionele bijeenkomsten.<\/li>\n<li>Mogelijkheid tot deelname aan een Business Kring (vraag naar de voorwaarden).<\/li>\n<li>Vermelding op online (Business Kring) ledenlijst inclusief logo en doorlink op website van www.businessnetwerken.nl\/drechtsteden.<\/li>\n<li>E\u00e9n keer per jaar redactioneel artikel met foto in Business Netwerk Drechtsteden nieuwsbrief (&gt;8.000 bedrijven) ter waarde van \u20ac 325,00 euro per artikel.<\/li>\n<li>Plaatsen van maximaal twee relevante nieuwsberichten per jaar op de homepagina van de Business Netwerk Drechtsteden website.<\/li>\n<li>Mogelijkheid tot gastheerschap bijeenkomsten.<\/li>\n<li>Toegang en mogelijkheid tot golf bij golfbaan The Dutch (Spijk) tegen gereduceerd tarief.<\/li>\n<\/ol>\n<\/div>\n<\/div>\n<\/div>\n<\/div>\n<\/div>\n<\/div>\n<\/div>\n","protected":false},"excerpt":{"rendered":"WAT HOUDT HET\u00a0PARTNERSCHAP\u00a0IN? Kijk hieronder welke voordelen een partnerschap u kan bieden. Bekijk hier de\u00a0Algemene voorwaarden Actief onderdeel zijn en gebruik maken van een breed, regionaal zakelijk netwerk. Gratis deelname&#8230; <a class=\"view-article\" href=\"https:\/\/businessnetwerken.nl\/drechtsteden\/lid-worden\/partnerschap\/\">View Article<\/a>","protected":false},"author":1,"featured_media":0,"parent":84,"menu_order":0,"comment_status":"closed","ping_status":"closed","template":"templates\/word-lid-detail.php","meta":{"_acf_changed":false,"inline_featured_image":false,"footnotes":""},"class_list":["post-362","page","type-page","status-publish","hentry"],"acf":[],"jetpack_sharing_enabled":true,"_links":{"self":[{"href":"https:\/\/businessnetwerken.nl\/drechtsteden\/wp-json\/wp\/v2\/pages\/362","targetHints":{"allow":["GET"]}}],"collection":[{"href":"https:\/\/businessnetwerken.nl\/drechtsteden\/wp-json\/wp\/v2\/pages"}],"about":[{"href":"https:\/\/businessnetwerken.nl\/drechtsteden\/wp-json\/wp\/v2\/types\/page"}],"author":[{"embeddable":true,"href":"https:\/\/businessnetwerken.nl\/drechtsteden\/wp-json\/wp\/v2\/users\/1"}],"replies":[{"embeddable":true,"href":"https:\/\/businessnetwerken.nl\/drechtsteden\/wp-json\/wp\/v2\/comments?post=362"}],"version-history":[{"count":3,"href":"https:\/\/businessnetwerken.nl\/drechtsteden\/wp-json\/wp\/v2\/pages\/362\/revisions"}],"predecessor-version":[{"id":6627,"href":"https:\/\/businessnetwerken.nl\/drechtsteden\/wp-json\/wp\/v2\/pages\/362\/revisions\/6627"}],"up":[{"embeddable":true,"href":"https:\/\/businessnetwerken.nl\/drechtsteden\/wp-json\/wp\/v2\/pages\/84"}],"wp:attachment":[{"href":"https:\/\/businessnetwerken.nl\/drechtsteden\/wp-json\/wp\/v2\/media?parent=362"}],"curies":[{"name":"wp","href":"https:\/\/api.w.org\/{rel}","templated":true}]}}